{"id":76591,"date":"2018-03-02T00:21:46","date_gmt":"2018-03-02T00:21:46","guid":{"rendered":"http:\/\/wordpress-296847-909612.cloudwaysapps.com\/Vegas\/?page_id=76591"},"modified":"2026-02-04T19:29:18","modified_gmt":"2026-02-04T19:29:18","slug":"assetmanagement","status":"publish","type":"page","link":"https:\/\/initialaviation.com\/fr\/assetmanagement\/","title":{"rendered":"PROGRAMMES DE GESTION D\u2019INVENTAIRES"},"content":{"rendered":"<div class=\"wpb-content-wrapper\"><p>[vc_row row_height_percent=\u00a0\u00bb0&Prime; back_image=\u00a0\u00bb75951&Prime; overlay_alpha=\u00a0\u00bb50&Prime; gutter_size=\u00a0\u00bb3&Prime; column_width_percent=\u00a0\u00bb100&Prime; shift_y=\u00a0\u00bb0&Prime; z_index=\u00a0\u00bb0&Prime;][vc_column column_width_percent=\u00a0\u00bb100&Prime; position_horizontal=\u00a0\u00bbleft\u00a0\u00bb gutter_size=\u00a0\u00bb3&Prime; overlay_alpha=\u00a0\u00bb50&Prime; shift_x=\u00a0\u00bb0&Prime; shift_y=\u00a0\u00bb0&Prime; shift_y_down=\u00a0\u00bb0&Prime; z_index=\u00a0\u00bb0&Prime; medium_width=\u00a0\u00bb0&Prime; mobile_width=\u00a0\u00bb0&Prime; width=\u00a0\u00bb1\/1&Prime;][vc_custom_heading text_color=\u00a0\u00bbcolor-xsdn\u00a0\u00bb text_size=\u00a0\u00bbh3&Prime; text_height=\u00a0\u00bb\u00a0\u00bb]PROGRAMMES DE GESTION D\u2019INVENTAIRES[\/vc_custom_heading][\/vc_column][\/vc_row][vc_row row_height_percent=\u00a0\u00bb0&Prime; back_image=\u00a0\u00bb76877&Prime; back_position=\u00a0\u00bbleft top\u00a0\u00bb overlay_color=\u00a0\u00bbcolor-xsdn\u00a0\u00bb overlay_alpha=\u00a0\u00bb0&Prime; gutter_size=\u00a0\u00bb3&Prime; column_width_percent=\u00a0\u00bb100&Prime; shift_y=\u00a0\u00bb0&Prime; z_index=\u00a0\u00bb0&Prime;][vc_column width=\u00a0\u00bb1\/1&Prime;][vc_column_text]<\/p>\n<p style=\"font-weight: 400;\">Chez Initial Aviation, nous travaillions constamment pour augmenter la taille et la port\u00e9e de nos inventaires. Alors que nous poursuivons cet objectif, nous nous r\u00e9jouissons de chaque occasion d\u2019analyser tout stock exc\u00e9dentaire que vous avez.<\/p>\n<p style=\"font-weight: 400;\">Si vous poss\u00e9dez un surplus d\u2019inventaire, mais que vous manquez de temps ou de ressources pour le transformer en revenus, pensez \u00e0 Initial Aviation. Nous pouvons vous aider \u00e0 g\u00e9n\u00e9rer un rendement impressionnant sur vos actifs. Nous vendons diff\u00e9rents types de pi\u00e8ces d\u00e9tach\u00e9es pour voilure fixe et giravion au nom de nos partenaires de confiance et nous serions heureux de vous compter parmi ceux-ci.<\/p>\n<p>[\/vc_column_text][\/vc_column][\/vc_row][vc_row unlock_row_content=\u00a0\u00bbyes\u00a0\u00bb row_height_percent=\u00a0\u00bb37&Prime; back_image=\u00a0\u00bb76885&Prime; parallax=\u00a0\u00bbyes\u00a0\u00bb overlay_alpha=\u00a0\u00bb50&Prime; gutter_size=\u00a0\u00bb3&Prime; column_width_percent=\u00a0\u00bb100&Prime; shift_y=\u00a0\u00bb0&Prime; z_index=\u00a0\u00bb0&Prime;][vc_column width=\u00a0\u00bb1\/1&Prime;][\/vc_column][\/vc_row][vc_row row_height_percent=\u00a0\u00bb0&Prime; back_image=\u00a0\u00bb75951&Prime; overlay_alpha=\u00a0\u00bb50&Prime; gutter_size=\u00a0\u00bb3&Prime; column_width_percent=\u00a0\u00bb100&Prime; shift_y=\u00a0\u00bb0&Prime; z_index=\u00a0\u00bb0&Prime;][vc_column column_width_percent=\u00a0\u00bb100&Prime; position_horizontal=\u00a0\u00bbleft\u00a0\u00bb gutter_size=\u00a0\u00bb3&Prime; overlay_alpha=\u00a0\u00bb50&Prime; shift_x=\u00a0\u00bb0&Prime; shift_y=\u00a0\u00bb0&Prime; shift_y_down=\u00a0\u00bb0&Prime; z_index=\u00a0\u00bb0&Prime; medium_width=\u00a0\u00bb0&Prime; mobile_width=\u00a0\u00bb0&Prime; width=\u00a0\u00bb1\/1&Prime;][vc_custom_heading text_color=\u00a0\u00bbcolor-xsdn\u00a0\u00bb text_size=\u00a0\u00bbh3&Prime; text_height=\u00a0\u00bb\u00a0\u00bb]CONSIGNATION[\/vc_custom_heading][\/vc_column][\/vc_row][vc_row row_height_percent=\u00a0\u00bb0&Prime; override_padding=\u00a0\u00bbyes\u00a0\u00bb h_padding=\u00a0\u00bb2&Prime; top_padding=\u00a0\u00bb1&Prime; bottom_padding=\u00a0\u00bb0&Prime; back_image=\u00a0\u00bb76881&Prime; back_position=\u00a0\u00bbcenter center\u00a0\u00bb overlay_alpha=\u00a0\u00bb50&Prime; gutter_size=\u00a0\u00bb0&Prime; column_width_percent=\u00a0\u00bb100&Prime; shift_y=\u00a0\u00bb0&Prime; z_index=\u00a0\u00bb0&Prime;][vc_column column_width_percent=\u00a0\u00bb100&Prime; gutter_size=\u00a0\u00bb3&Prime; override_padding=\u00a0\u00bbyes\u00a0\u00bb column_padding=\u00a0\u00bb2&Prime; style=\u00a0\u00bblight\u00a0\u00bb overlay_alpha=\u00a0\u00bb50&Prime; shift_x=\u00a0\u00bb0&Prime; shift_y=\u00a0\u00bb0&Prime; shift_y_down=\u00a0\u00bb0&Prime; z_index=\u00a0\u00bb0&Prime; medium_width=\u00a0\u00bb0&Prime; mobile_width=\u00a0\u00bb0&Prime; width=\u00a0\u00bb1\/1&Prime;][vc_column_text]Nous proposons une gamme de programmes de consignation dynamiques pour aider nos partenaires \u00e0 g\u00e9rer de mani\u00e8re strat\u00e9gique leurs surplus de stock. Nos sp\u00e9cialistes en aviation travailleront avec vous pour vous fournir les meilleures options de consignation disponibles, tout en facilitant le taux de retour le plus \u00e9lev\u00e9 possible. En plus de lib\u00e9rer un espace pr\u00e9cieux dans votre entrep\u00f4t, vous augmenterez votre flux de tr\u00e9sorerie en vendant vos pi\u00e8ces de rechange, r\u00e9cup\u00e9rant ainsi des revenus autrement perdus. Nous nous occuperons de l&rsquo;entreposage, du marketing et de l&rsquo;exp\u00e9dition de votre inventaire \u00e0 notre client\u00e8le mondiale, afin que vous puissiez vous concentrer sur ce que vous faites le mieux.<\/p>\n<h5>Si vous souhaitez que notre \u00e9quipe d&rsquo;achat analyse votre surplus d\u2019inventaire, veuillez envoyer votre liste \u00e0:\u00a0\u00a0<a style=\"color: #0000ff;\" href=\"mailto:sales@initialaviation.com\">sales@initialaviation.com<\/a><\/h5>\n<p>[\/vc_column_text][\/vc_column][\/vc_row][vc_row unlock_row_content=\u00a0\u00bbyes\u00a0\u00bb row_height_percent=\u00a0\u00bb2&Prime; override_padding=\u00a0\u00bbyes\u00a0\u00bb h_padding=\u00a0\u00bb0&Prime; top_padding=\u00a0\u00bb1&Prime; bottom_padding=\u00a0\u00bb0&Prime; overlay_alpha=\u00a0\u00bb50&Prime; gutter_size=\u00a0\u00bb0&Prime; column_width_percent=\u00a0\u00bb100&Prime; shift_y=\u00a0\u00bb0&Prime; z_index=\u00a0\u00bb0&Prime; row_height_pixel=\u00a0\u00bb2px\u00a0\u00bb css=\u00a0\u00bb.vc_custom_1527015254454{padding-top: 0px !important;padding-bottom: 0px !important;}\u00a0\u00bb][vc_column column_width_percent=\u00a0\u00bb100&Prime; gutter_size=\u00a0\u00bb3&Prime; overlay_alpha=\u00a0\u00bb50&Prime; shadow=\u00a0\u00bbstd\u00a0\u00bb shadow_darker=\u00a0\u00bbyes\u00a0\u00bb shift_x=\u00a0\u00bb0&Prime; shift_y=\u00a0\u00bb0&Prime; shift_y_down=\u00a0\u00bb0&Prime; z_index=\u00a0\u00bb0&Prime; medium_width=\u00a0\u00bb0&Prime; mobile_width=\u00a0\u00bb0&Prime; width=\u00a0\u00bb1\/1&Prime;][vc_separator sep_color=\u00a0\u00bbcolor-uydo\u00a0\u00bb][\/vc_column][\/vc_row][vc_row row_height_percent=\u00a0\u00bb0&Prime; overlay_alpha=\u00a0\u00bb100&Prime; gutter_size=\u00a0\u00bb3&Prime; column_width_percent=\u00a0\u00bb100&Prime; shift_y=\u00a0\u00bb0&Prime; z_index=\u00a0\u00bb0&Prime; mobile_visibility=\u00a0\u00bbyes\u00a0\u00bb][vc_column column_width_percent=\u00a0\u00bb100&Prime; position_horizontal=\u00a0\u00bbleft\u00a0\u00bb gutter_size=\u00a0\u00bb2&Prime; override_padding=\u00a0\u00bbyes\u00a0\u00bb column_padding=\u00a0\u00bb2&Prime; style=\u00a0\u00bblight\u00a0\u00bb font_family=\u00a0\u00bbfont-407291&Prime; back_color=\u00a0\u00bbcolor-249171&Prime; overlay_alpha=\u00a0\u00bb100&Prime; shadow=\u00a0\u00bbsm\u00a0\u00bb border_color=\u00a0\u00bbaccent\u00a0\u00bb border_style=\u00a0\u00bbsolid\u00a0\u00bb shift_x=\u00a0\u00bb0&Prime; shift_y=\u00a0\u00bb0&Prime; shift_y_down=\u00a0\u00bb0&Prime; z_index=\u00a0\u00bb0&Prime; medium_width=\u00a0\u00bb3&Prime; mobile_width=\u00a0\u00bb0&Prime; css_animation=\u00a0\u00bbalpha-anim\u00a0\u00bb zoom_width=\u00a0\u00bb0&Prime; zoom_height=\u00a0\u00bb0&Prime; width=\u00a0\u00bb1\/3&Prime; css=\u00a0\u00bb.vc_custom_1527085903341{padding-top: 20px !important;padding-bottom: 20px !important;}\u00a0\u00bb][vc_single_image media=\u00a0\u00bb78010&Prime; media_width_percent=\u00a0\u00bb94&Prime; alignment=\u00a0\u00bbcenter\u00a0\u00bb][vc_separator sep_color=\u00a0\u00bbcolor-prif\u00a0\u00bb el_width=\u00a0\u00bb100%\u00a0\u00bb][vc_custom_heading text_color=\u00a0\u00bbcolor-prif\u00a0\u00bb heading_semantic=\u00a0\u00bbp\u00a0\u00bb text_size=\u00a0\u00bbh6&Prime; text_height=\u00a0\u00bb\u00a0\u00bb sub_reduced=\u00a0\u00bbyes\u00a0\u00bb css_animation=\u00a0\u00bbalpha-anim\u00a0\u00bb uncode_shortcode_id=\u00a0\u00bb155693&Prime; text_color_type=\u00a0\u00bbuncode-palette\u00a0\u00bb]<a href=\"https:\/\/maps.app.goo.gl\/LgLeU8jpiV86Yiie9\" target=\"_blank\" rel=\"noopener\">12045, rue Arthur-Sicard<br \/>\nSuite 100<br \/>\nMirabel, Quebec<br \/>\nCanada<br \/>\nJ7J 0E9<\/a>[\/vc_custom_heading][vc_custom_heading text_color=\u00a0\u00bbcolor-prif\u00a0\u00bb heading_semantic=\u00a0\u00bbp\u00a0\u00bb text_font=\u00a0\u00bbfont-377884&Prime; text_size=\u00a0\u00bbh6&Prime; text_height=\u00a0\u00bb\u00a0\u00bb sub_reduced=\u00a0\u00bbyes\u00a0\u00bb css_animation=\u00a0\u00bbalpha-anim\u00a0\u00bb uncode_shortcode_id=\u00a0\u00bb579840&Prime; text_color_type=\u00a0\u00bbuncode-palette\u00a0\u00bb]Ph: <a href=\"tel:450-419-5869\">450-419-5869<\/a><br \/>\nFax: 450-419-3717<br \/>\nAOG: <a href=\"tel:1-844-419-5869\">1-844-419-5869<\/a>[\/vc_custom_heading][vc_custom_heading text_color=\u00a0\u00bbcolor-prif\u00a0\u00bb heading_semantic=\u00a0\u00bbp\u00a0\u00bb text_font=\u00a0\u00bbfont-377884&Prime; text_size=\u00a0\u00bbh6&Prime; text_height=\u00a0\u00bb\u00a0\u00bb sub_reduced=\u00a0\u00bbyes\u00a0\u00bb css_animation=\u00a0\u00bbalpha-anim\u00a0\u00bb]<a href=\"mailto:sales@initialaviation.com\">sales@initialaviation.com<\/a>[\/vc_custom_heading][\/vc_column][vc_column column_width_percent=\u00a0\u00bb100&Prime; position_horizontal=\u00a0\u00bbleft\u00a0\u00bb gutter_size=\u00a0\u00bb2&Prime; override_padding=\u00a0\u00bbyes\u00a0\u00bb column_padding=\u00a0\u00bb2&Prime; style=\u00a0\u00bblight\u00a0\u00bb back_color=\u00a0\u00bbcolor-249171&Prime; overlay_alpha=\u00a0\u00bb100&Prime; shadow=\u00a0\u00bbsm\u00a0\u00bb border_color=\u00a0\u00bbaccent\u00a0\u00bb border_style=\u00a0\u00bbsolid\u00a0\u00bb shift_x=\u00a0\u00bb0&Prime; shift_y=\u00a0\u00bb0&Prime; shift_y_down=\u00a0\u00bb0&Prime; z_index=\u00a0\u00bb0&Prime; medium_visibility=\u00a0\u00bbyes\u00a0\u00bb medium_width=\u00a0\u00bb2&Prime; mobile_width=\u00a0\u00bb0&Prime; zoom_width=\u00a0\u00bb0&Prime; zoom_height=\u00a0\u00bb0&Prime; width=\u00a0\u00bb1\/3&Prime; css=\u00a0\u00bb.vc_custom_1527080403570{padding-top: 20px !important;}\u00a0\u00bb][vc_custom_heading text_color=\u00a0\u00bbcolor-prif\u00a0\u00bb heading_semantic=\u00a0\u00bbp\u00a0\u00bb text_font=\u00a0\u00bbfont-407291&Prime; text_weight=\u00a0\u00bb500&Prime; text_height=\u00a0\u00bb\u00a0\u00bb sub_lead=\u00a0\u00bbyes\u00a0\u00bb sub_reduced=\u00a0\u00bbyes\u00a0\u00bb css_animation=\u00a0\u00bbalpha-anim\u00a0\u00bb]Menu[\/vc_custom_heading][vc_separator sep_color=\u00a0\u00bbcolor-prif\u00a0\u00bb el_width=\u00a0\u00bb100%\u00a0\u00bb][vc_custom_heading text_color=\u00a0\u00bbcolor-prif\u00a0\u00bb heading_semantic=\u00a0\u00bbp\u00a0\u00bb text_font=\u00a0\u00bbfont-377884&Prime; text_size=\u00a0\u00bbh6&Prime; text_height=\u00a0\u00bb\u00a0\u00bb sub_reduced=\u00a0\u00bbyes\u00a0\u00bb css_animation=\u00a0\u00bbalpha-anim\u00a0\u00bb uncode_shortcode_id=\u00a0\u00bb146618&Prime; text_color_type=\u00a0\u00bbuncode-palette\u00a0\u00bb]<a href=\"https:\/\/initialaviation.com\/\">Accueil<\/a><br \/>\n<a href=\"https:\/\/initialaviation.com\/?page_id=76575\">\u00c0 propos de nous<\/a><br \/>\n<a href=\"https:\/\/initialaviation.com\/?page_id=76591\">Gestion des stocks<\/a><br \/>\n<a href=\"https:\/\/initialaviation.com\/?page_id=76619\">Assurance Qualit\u00e9 <\/a><br \/>\n<a href=\"https:\/\/initialaviation.com\/?page_id=76626\">Nouvelle<\/a><br \/>\n<a href=\"https:\/\/initialaviation.com\/contact\/\">Contact\u00a0<\/a>[\/vc_custom_heading][\/vc_column][vc_column column_width_percent=\u00a0\u00bb100&Prime; position_horizontal=\u00a0\u00bbleft\u00a0\u00bb gutter_size=\u00a0\u00bb0&Prime; override_padding=\u00a0\u00bbyes\u00a0\u00bb column_padding=\u00a0\u00bb2&Prime; style=\u00a0\u00bblight\u00a0\u00bb font_family=\u00a0\u00bbfont-377884&Prime; back_color=\u00a0\u00bbcolor-249171&Prime; overlay_alpha=\u00a0\u00bb100&Prime; shadow=\u00a0\u00bbsm\u00a0\u00bb border_color=\u00a0\u00bbaccent\u00a0\u00bb shift_x=\u00a0\u00bb0&Prime; shift_x_fixed=\u00a0\u00bbyes\u00a0\u00bb shift_y=\u00a0\u00bb0&Prime; shift_y_down=\u00a0\u00bb0&Prime; z_index=\u00a0\u00bb0&Prime; medium_width=\u00a0\u00bb3&Prime; mobile_width=\u00a0\u00bb0&Prime; zoom_width=\u00a0\u00bb0&Prime; zoom_height=\u00a0\u00bb0&Prime; width=\u00a0\u00bb1\/3&Prime; css=\u00a0\u00bb.vc_custom_1527080485113{padding-top: 20px !important;}\u00a0\u00bb][vc_custom_heading text_color=\u00a0\u00bbcolor-prif\u00a0\u00bb heading_semantic=\u00a0\u00bbp\u00a0\u00bb text_font=\u00a0\u00bbfont-407291&Prime; text_weight=\u00a0\u00bb500&Prime; text_height=\u00a0\u00bb\u00a0\u00bb sub_reduced=\u00a0\u00bbyes\u00a0\u00bb css_animation=\u00a0\u00bbalpha-anim\u00a0\u00bb]Nouvelle r\u00e9cente[\/vc_custom_heading][uncode_index el_id=\u00a0\u00bbindex-211362&Prime; isotope_mode=\u00a0\u00bbfitRows\u00a0\u00bb loop=\u00a0\u00bbsize:3|order_by:date|post_type:post\u00a0\u00bb screen_lg=\u00a0\u00bb1000&Prime; screen_md=\u00a0\u00bb600&Prime; screen_sm=\u00a0\u00bb480&Prime; gutter_size=\u00a0\u00bb1&Prime; post_items=\u00a0\u00bbsep-one|full,date,title\u00a0\u00bb footer_back_color=\u00a0\u00bbaccent\u00a0\u00bb single_width=\u00a0\u00bb1&Prime; images_size=\u00a0\u00bbone-one\u00a0\u00bb single_overlay_opacity=\u00a0\u00bb50&Prime; single_padding=\u00a0\u00bb1&Prime; single_text_reduced=\u00a0\u00bbyes\u00a0\u00bb single_title_semantic=\u00a0\u00bbh4&Prime; single_title_family=\u00a0\u00bbfont-377884&Prime; single_title_dimension=\u00a0\u00bb\u00a0\u00bb single_title_weight=\u00a0\u00bb400&Prime; single_title_height=\u00a0\u00bb\u00a0\u00bb lbox_skin=\u00a0\u00bbwhite\u00a0\u00bb items=\u00a0\u00bbeyI3NjYzM19pIjp7InNpbmdsZV90aXRsZV9kaW1lbnNpb24iOiIiLCJzaW5nbGVfdGl0bGVfc2VtYW50aWMiOiJoMyIsInNpbmdsZV90aXRsZV93ZWlnaHQiOiI0MDAifSwiNzY2MzZfaSI6eyJzaW5nbGVfdGl0bGVfd2VpZ2h0IjoiNDAwIiwic2luZ2xlX3dpZHRoIjoiMSIsInNpbmdsZV90aXRsZV9kaW1lbnNpb24iOiIiLCJzaW5nbGVfdGl0bGVfc2VtYW50aWMiOiJoNCJ9LCI3NjYzOF9pIjp7InNpbmdsZV90aXRsZV9kaW1lbnNpb24iOiIifSwiNzcyMjBfaSI6eyJzaW5nbGVfdGl0bGVfZGltZW5zaW9uIjoiIiwic2luZ2xlX3RpdGxlX3NlbWFudGljIjoiaDMifX0=\u00a0\u00bb][\/vc_column][\/vc_row]<\/p>\n<\/div>","protected":false},"excerpt":{"rendered":"<p>[vc_row row_height_percent=\u00a0\u00bb0&Prime; back_image=\u00a0\u00bb75951&Prime; overlay_alpha=\u00a0\u00bb50&Prime; gutter_size=\u00a0\u00bb3&Prime; column_width_percent=\u00a0\u00bb100&Prime; shift_y=\u00a0\u00bb0&Prime; z_index=\u00a0\u00bb0&Prime;][vc_column column_width_percent=\u00a0\u00bb100&Prime; position_horizontal=\u00a0\u00bbleft\u00a0\u00bb gutter_size=\u00a0\u00bb3&Prime; overlay_alpha=\u00a0\u00bb50&Prime; shift_x=\u00a0\u00bb0&Prime; shift_y=\u00a0\u00bb0&Prime; shift_y_down=\u00a0\u00bb0&Prime; z_index=\u00a0\u00bb0&Prime; medium_width=\u00a0\u00bb0&Prime; mobile_width=\u00a0\u00bb0&Prime; width=\u00a0\u00bb1\/1&Prime;][vc_custom_heading text_color=\u00a0\u00bbcolor-xsdn\u00a0\u00bb [&hellip;]<\/p>\n","protected":false},"author":1,"featured_media":0,"parent":0,"menu_order":0,"comment_status":"closed","ping_status":"closed","template":"","meta":{"_monsterinsights_skip_tracking":false,"_monsterinsights_sitenote_active":false,"_monsterinsights_sitenote_note":"","_monsterinsights_sitenote_category":0,"footnotes":""},"class_list":["post-76591","page","type-page","status-publish","hentry"],"yoast_head":"<!-- This site is optimized with the Yoast SEO plugin v27.2 - https:\/\/yoast.com\/product\/yoast-seo-wordpress\/ -->\n<title>PROGRAMMES DE GESTION D\u2019INVENTAIRES - Initial Aviation<\/title>\n<meta name=\"robots\" content=\"index, follow, max-snippet:-1, max-image-preview:large, max-video-preview:-1\" \/>\n<link rel=\"canonical\" href=\"https:\/\/initialaviation.com\/assetmanagement\/\" \/>\n<meta property=\"og:locale\" content=\"fr_FR\" \/>\n<meta property=\"og:type\" content=\"article\" \/>\n<meta property=\"og:title\" content=\"PROGRAMMES DE GESTION D\u2019INVENTAIRES - Initial Aviation\" \/>\n<meta property=\"og:description\" content=\"[vc_row row_height_percent=\u00a0\u00bb0&Prime; back_image=\u00a0\u00bb75951&Prime; overlay_alpha=\u00a0\u00bb50&Prime; gutter_size=\u00a0\u00bb3&Prime; column_width_percent=\u00a0\u00bb100&Prime; shift_y=\u00a0\u00bb0&Prime; z_index=\u00a0\u00bb0&Prime;][vc_column column_width_percent=\u00a0\u00bb100&Prime; position_horizontal=\u00a0\u00bbleft\u00a0\u00bb gutter_size=\u00a0\u00bb3&Prime; overlay_alpha=\u00a0\u00bb50&Prime; shift_x=\u00a0\u00bb0&Prime; shift_y=\u00a0\u00bb0&Prime; shift_y_down=\u00a0\u00bb0&Prime; z_index=\u00a0\u00bb0&Prime; medium_width=\u00a0\u00bb0&Prime; mobile_width=\u00a0\u00bb0&Prime; width=\u00a0\u00bb1\/1&Prime;][vc_custom_heading text_color=\u00a0\u00bbcolor-xsdn\u00a0\u00bb [&hellip;]\" \/>\n<meta property=\"og:url\" content=\"https:\/\/initialaviation.com\/assetmanagement\/\" \/>\n<meta property=\"og:site_name\" content=\"Initial Aviation\" \/>\n<meta property=\"article:publisher\" content=\"https:\/\/www.facebook.com\/Initial-Aviation-624080241031192\/\" \/>\n<meta property=\"article:modified_time\" content=\"2026-02-04T19:29:18+00:00\" \/>\n<meta name=\"twitter:card\" content=\"summary_large_image\" \/>\n<meta name=\"twitter:label1\" content=\"Dur\u00e9e de lecture estim\u00e9e\" \/>\n\t<meta name=\"twitter:data1\" content=\"3 minutes\" \/>\n<script type=\"application\/ld+json\" class=\"yoast-schema-graph\">{\"@context\":\"https:\/\/schema.org\",\"@graph\":[{\"@type\":\"WebPage\",\"@id\":\"https:\/\/initialaviation.com\/assetmanagement\/\",\"url\":\"https:\/\/initialaviation.com\/assetmanagement\/\",\"name\":\"PROGRAMMES DE GESTION D\u2019INVENTAIRES - Initial Aviation\",\"isPartOf\":{\"@id\":\"https:\/\/initialaviation.com\/#website\"},\"datePublished\":\"2018-03-02T00:21:46+00:00\",\"dateModified\":\"2026-02-04T19:29:18+00:00\",\"breadcrumb\":{\"@id\":\"https:\/\/initialaviation.com\/assetmanagement\/#breadcrumb\"},\"inLanguage\":\"fr-FR\",\"potentialAction\":[{\"@type\":\"ReadAction\",\"target\":[\"https:\/\/initialaviation.com\/assetmanagement\/\"]}]},{\"@type\":\"BreadcrumbList\",\"@id\":\"https:\/\/initialaviation.com\/assetmanagement\/#breadcrumb\",\"itemListElement\":[{\"@type\":\"ListItem\",\"position\":1,\"name\":\"Home\",\"item\":\"https:\/\/initialaviation.com\/\"},{\"@type\":\"ListItem\",\"position\":2,\"name\":\"ASSET MANAGEMENT PROGRAMS\"}]},{\"@type\":\"WebSite\",\"@id\":\"https:\/\/initialaviation.com\/#website\",\"url\":\"https:\/\/initialaviation.com\/\",\"name\":\"Initial Aviation\",\"description\":\"InitialIniatial Aviation is a provider of cost effective marketing and sales of aftermarket aviation parts\",\"publisher\":{\"@id\":\"https:\/\/initialaviation.com\/#organization\"},\"potentialAction\":[{\"@type\":\"SearchAction\",\"target\":{\"@type\":\"EntryPoint\",\"urlTemplate\":\"https:\/\/initialaviation.com\/?s={search_term_string}\"},\"query-input\":{\"@type\":\"PropertyValueSpecification\",\"valueRequired\":true,\"valueName\":\"search_term_string\"}}],\"inLanguage\":\"fr-FR\"},{\"@type\":\"Organization\",\"@id\":\"https:\/\/initialaviation.com\/#organization\",\"name\":\"initial aviation\",\"url\":\"https:\/\/initialaviation.com\/\",\"logo\":{\"@type\":\"ImageObject\",\"inLanguage\":\"fr-FR\",\"@id\":\"https:\/\/initialaviation.com\/#\/schema\/logo\/image\/\",\"url\":\"https:\/\/initialaviation.com\/wp-content\/uploads\/2018\/01\/logoai3.png\",\"contentUrl\":\"https:\/\/initialaviation.com\/wp-content\/uploads\/2018\/01\/logoai3.png\",\"width\":1221,\"height\":1288,\"caption\":\"initial aviation\"},\"image\":{\"@id\":\"https:\/\/initialaviation.com\/#\/schema\/logo\/image\/\"},\"sameAs\":[\"https:\/\/www.facebook.com\/Initial-Aviation-624080241031192\/\",\"https:\/\/www.linkedin.com\/company\/initial-aviation\/\"]}]}<\/script>\n<!-- \/ Yoast SEO plugin. -->","yoast_head_json":{"title":"PROGRAMMES DE GESTION D\u2019INVENTAIRES - Initial Aviation","robots":{"index":"index","follow":"follow","max-snippet":"max-snippet:-1","max-image-preview":"max-image-preview:large","max-video-preview":"max-video-preview:-1"},"canonical":"https:\/\/initialaviation.com\/assetmanagement\/","og_locale":"fr_FR","og_type":"article","og_title":"PROGRAMMES DE GESTION D\u2019INVENTAIRES - Initial Aviation","og_description":"[vc_row row_height_percent=\u00a0\u00bb0&Prime; back_image=\u00a0\u00bb75951&Prime; overlay_alpha=\u00a0\u00bb50&Prime; gutter_size=\u00a0\u00bb3&Prime; column_width_percent=\u00a0\u00bb100&Prime; shift_y=\u00a0\u00bb0&Prime; z_index=\u00a0\u00bb0&Prime;][vc_column column_width_percent=\u00a0\u00bb100&Prime; position_horizontal=\u00a0\u00bbleft\u00a0\u00bb gutter_size=\u00a0\u00bb3&Prime; overlay_alpha=\u00a0\u00bb50&Prime; shift_x=\u00a0\u00bb0&Prime; shift_y=\u00a0\u00bb0&Prime; shift_y_down=\u00a0\u00bb0&Prime; z_index=\u00a0\u00bb0&Prime; medium_width=\u00a0\u00bb0&Prime; mobile_width=\u00a0\u00bb0&Prime; width=\u00a0\u00bb1\/1&Prime;][vc_custom_heading text_color=\u00a0\u00bbcolor-xsdn\u00a0\u00bb [&hellip;]","og_url":"https:\/\/initialaviation.com\/assetmanagement\/","og_site_name":"Initial Aviation","article_publisher":"https:\/\/www.facebook.com\/Initial-Aviation-624080241031192\/","article_modified_time":"2026-02-04T19:29:18+00:00","twitter_card":"summary_large_image","twitter_misc":{"Dur\u00e9e de lecture estim\u00e9e":"3 minutes"},"schema":{"@context":"https:\/\/schema.org","@graph":[{"@type":"WebPage","@id":"https:\/\/initialaviation.com\/assetmanagement\/","url":"https:\/\/initialaviation.com\/assetmanagement\/","name":"PROGRAMMES DE GESTION D\u2019INVENTAIRES - Initial Aviation","isPartOf":{"@id":"https:\/\/initialaviation.com\/#website"},"datePublished":"2018-03-02T00:21:46+00:00","dateModified":"2026-02-04T19:29:18+00:00","breadcrumb":{"@id":"https:\/\/initialaviation.com\/assetmanagement\/#breadcrumb"},"inLanguage":"fr-FR","potentialAction":[{"@type":"ReadAction","target":["https:\/\/initialaviation.com\/assetmanagement\/"]}]},{"@type":"BreadcrumbList","@id":"https:\/\/initialaviation.com\/assetmanagement\/#breadcrumb","itemListElement":[{"@type":"ListItem","position":1,"name":"Home","item":"https:\/\/initialaviation.com\/"},{"@type":"ListItem","position":2,"name":"ASSET MANAGEMENT PROGRAMS"}]},{"@type":"WebSite","@id":"https:\/\/initialaviation.com\/#website","url":"https:\/\/initialaviation.com\/","name":"Initial Aviation","description":"InitialIniatial Aviation is a provider of cost effective marketing and sales of aftermarket aviation parts","publisher":{"@id":"https:\/\/initialaviation.com\/#organization"},"potentialAction":[{"@type":"SearchAction","target":{"@type":"EntryPoint","urlTemplate":"https:\/\/initialaviation.com\/?s={search_term_string}"},"query-input":{"@type":"PropertyValueSpecification","valueRequired":true,"valueName":"search_term_string"}}],"inLanguage":"fr-FR"},{"@type":"Organization","@id":"https:\/\/initialaviation.com\/#organization","name":"initial aviation","url":"https:\/\/initialaviation.com\/","logo":{"@type":"ImageObject","inLanguage":"fr-FR","@id":"https:\/\/initialaviation.com\/#\/schema\/logo\/image\/","url":"https:\/\/initialaviation.com\/wp-content\/uploads\/2018\/01\/logoai3.png","contentUrl":"https:\/\/initialaviation.com\/wp-content\/uploads\/2018\/01\/logoai3.png","width":1221,"height":1288,"caption":"initial aviation"},"image":{"@id":"https:\/\/initialaviation.com\/#\/schema\/logo\/image\/"},"sameAs":["https:\/\/www.facebook.com\/Initial-Aviation-624080241031192\/","https:\/\/www.linkedin.com\/company\/initial-aviation\/"]}]}},"_links":{"self":[{"href":"https:\/\/initialaviation.com\/fr\/wp-json\/wp\/v2\/pages\/76591","targetHints":{"allow":["GET"]}}],"collection":[{"href":"https:\/\/initialaviation.com\/fr\/wp-json\/wp\/v2\/pages"}],"about":[{"href":"https:\/\/initialaviation.com\/fr\/wp-json\/wp\/v2\/types\/page"}],"author":[{"embeddable":true,"href":"https:\/\/initialaviation.com\/fr\/wp-json\/wp\/v2\/users\/1"}],"replies":[{"embeddable":true,"href":"https:\/\/initialaviation.com\/fr\/wp-json\/wp\/v2\/comments?post=76591"}],"version-history":[{"count":0,"href":"https:\/\/initialaviation.com\/fr\/wp-json\/wp\/v2\/pages\/76591\/revisions"}],"wp:attachment":[{"href":"https:\/\/initialaviation.com\/fr\/wp-json\/wp\/v2\/media?parent=76591"}],"curies":[{"name":"wp","href":"https:\/\/api.w.org\/{rel}","templated":true}]}}