{"id":78938,"date":"2018-03-02T22:23:39","date_gmt":"2018-03-02T22:23:39","guid":{"rendered":"https:\/\/initialaviation.com\/quality\/"},"modified":"2026-04-20T18:57:35","modified_gmt":"2026-04-20T18:57:35","slug":"assurance-qualite","status":"publish","type":"page","link":"https:\/\/initialaviation.com\/fr\/assurance-qualite\/","title":{"rendered":"ASSURANCE QUALIT\u00c9"},"content":{"rendered":"<div class=\"wpb-content-wrapper\"><p>[vc_row row_height_percent=\u00a0\u00bb0&Prime; overlay_alpha=\u00a0\u00bb50&Prime; gutter_size=\u00a0\u00bb3&Prime; column_width_percent=\u00a0\u00bb100&Prime; shift_y=\u00a0\u00bb0&Prime; z_index=\u00a0\u00bb0&Prime; content_parallax=\u00a0\u00bb0&Prime; uncode_shortcode_id=\u00a0\u00bb212360&Prime; back_color_type=\u00a0\u00bbuncode-solid\u00a0\u00bb back_color_solid=\u00a0\u00bb#3866af\u00a0\u00bb][vc_column column_width_percent=\u00a0\u00bb100&Prime; position_horizontal=\u00a0\u00bbleft\u00a0\u00bb gutter_size=\u00a0\u00bb3&Prime; overlay_alpha=\u00a0\u00bb50&Prime; shift_x=\u00a0\u00bb0&Prime; shift_y=\u00a0\u00bb0&Prime; shift_y_down=\u00a0\u00bb0&Prime; z_index=\u00a0\u00bb0&Prime; medium_width=\u00a0\u00bb0&Prime; mobile_width=\u00a0\u00bb0&Prime; width=\u00a0\u00bb1\/1&Prime;][vc_custom_heading text_color=\u00a0\u00bbcolor-xsdn\u00a0\u00bb text_size=\u00a0\u00bbh3&Prime; text_height=\u00a0\u00bb\u00a0\u00bb uncode_shortcode_id=\u00a0\u00bb516571&Prime; text_color_type=\u00a0\u00bbuncode-palette\u00a0\u00bb]ASSURANCE QUALIT\u00c9[\/vc_custom_heading][\/vc_column][\/vc_row][vc_row row_height_percent=\u00a0\u00bb0&Prime; overlay_color=\u00a0\u00bbcolor-xsdn\u00a0\u00bb overlay_alpha=\u00a0\u00bb0&Prime; gutter_size=\u00a0\u00bb3&Prime; column_width_percent=\u00a0\u00bb100&Prime; shift_y=\u00a0\u00bb0&Prime; z_index=\u00a0\u00bb0&Prime; content_parallax=\u00a0\u00bb0&Prime; uncode_shortcode_id=\u00a0\u00bb132113&Prime; overlay_color_type=\u00a0\u00bbuncode-palette\u00a0\u00bb][vc_column width=\u00a0\u00bb1\/1&Prime;][vc_column_text uncode_shortcode_id=\u00a0\u00bb413235&Prime;]Notre philosophie est simple :\u00a0<strong><u>Si ce n\u2019est pas en \u00e9tat de navigabilit\u00e9, alors ce n\u2019est pas digne de nos clients.<\/u><\/strong><\/p>\n<p>Chez Initial Aviation, notre philosophie est simple : si une pi\u00e8ce n\u2019est pas navigable, elle n\u2019est pas acceptable pour nos clients.<br \/>\nLa qualit\u00e9 est au c\u0153ur de chacune de nos op\u00e9rations. Certifi\u00e9s ISO 9001:2015 et reconnus par Transports Canada, nous appliquons les plus hauts standards de l\u2019industrie afin de garantir des composants fiables, conformes et pr\u00eats \u00e0 l\u2019utilisation. Ces accr\u00e9ditations refl\u00e8tent notre engagement constant envers l\u2019excellence et la satisfaction de notre client\u00e8le.<br \/>\nNous nous approvisionnons exclusivement aupr\u00e8s de partenaires reconnus pour leur rigueur et leur fiabilit\u00e9. Chaque pi\u00e8ce re\u00e7ue est soumise \u00e0 une inspection minutieuse par nos sp\u00e9cialistes qualifi\u00e9s et accompagn\u00e9e d\u2019une documentation compl\u00e8te assurant une tra\u00e7abilit\u00e9 totale.<\/p>\n<p>Notre \u00e9quipe est form\u00e9e professionnellement \u00e0 la manutention, \u00e0 l\u2019inspection et \u00e0 l\u2019exp\u00e9dition de tous les composants a\u00e9ronautiques. De notre entrep\u00f4t jusqu\u2019\u00e0 vos op\u00e9rations, chaque pi\u00e8ce est trait\u00e9e avec rigueur et soin.[\/vc_column_text][\/vc_column][\/vc_row][vc_row unlock_row_content=\u00a0\u00bbyes\u00a0\u00bb row_height_percent=\u00a0\u00bb37&Prime; back_image=\u00a0\u00bb76892&Prime; back_position=\u00a0\u00bbcenter bottom\u00a0\u00bb parallax=\u00a0\u00bbyes\u00a0\u00bb overlay_alpha=\u00a0\u00bb50&Prime; gutter_size=\u00a0\u00bb3&Prime; column_width_percent=\u00a0\u00bb100&Prime; shift_y=\u00a0\u00bb0&Prime; z_index=\u00a0\u00bb0&Prime;][vc_column width=\u00a0\u00bb1\/1&Prime;][\/vc_column][\/vc_row][vc_row row_height_percent=\u00a0\u00bb0&Prime; overlay_alpha=\u00a0\u00bb50&Prime; gutter_size=\u00a0\u00bb3&Prime; column_width_percent=\u00a0\u00bb100&Prime; shift_y=\u00a0\u00bb0&Prime; z_index=\u00a0\u00bb0&Prime; content_parallax=\u00a0\u00bb0&Prime; uncode_shortcode_id=\u00a0\u00bb159580&Prime;][vc_column column_width_percent=\u00a0\u00bb100&Prime; position_horizontal=\u00a0\u00bbleft\u00a0\u00bb gutter_size=\u00a0\u00bb3&Prime; overlay_alpha=\u00a0\u00bb50&Prime; shift_x=\u00a0\u00bb0&Prime; shift_y=\u00a0\u00bb0&Prime; shift_y_down=\u00a0\u00bb0&Prime; z_index=\u00a0\u00bb0&Prime; medium_width=\u00a0\u00bb0&Prime; mobile_width=\u00a0\u00bb0&Prime; width=\u00a0\u00bb1\/6&Prime;][\/vc_column][vc_column width=\u00a0\u00bb1\/6&Prime;][\/vc_column][vc_column width=\u00a0\u00bb1\/6&Prime;][\/vc_column][vc_column column_width_percent=\u00a0\u00bb100&Prime; position_horizontal=\u00a0\u00bbleft\u00a0\u00bb gutter_size=\u00a0\u00bb3&Prime; overlay_alpha=\u00a0\u00bb50&Prime; shift_x=\u00a0\u00bb0&Prime; shift_x_fixed=\u00a0\u00bbyes\u00a0\u00bb shift_y=\u00a0\u00bb0&Prime; shift_y_down=\u00a0\u00bb0&Prime; z_index=\u00a0\u00bb0&Prime; medium_width=\u00a0\u00bb0&Prime; mobile_width=\u00a0\u00bb0&Prime; width=\u00a0\u00bb1\/6&Prime; css=\u00a0\u00bb.vc_custom_1527257587247{padding-left: 15px !important;}\u00a0\u00bb][vc_single_image media=\u00a0\u00bb78951&Prime; media_width_percent=\u00a0\u00bb70&Prime; media_link=\u00a0\u00bburl:https%3A%2F%2Finitialaviation.com%2Fwp-content%2Fuploads%2F2024%2F10%2FISO-9001.pdf|title:ISO%209001|target:_blank\u00a0\u00bb uncode_shortcode_id=\u00a0\u00bb544235&Prime;][\/vc_column][vc_column column_width_percent=\u00a0\u00bb100&Prime; position_horizontal=\u00a0\u00bbleft\u00a0\u00bb position_vertical=\u00a0\u00bbmiddle\u00a0\u00bb gutter_size=\u00a0\u00bb3&Prime; overlay_alpha=\u00a0\u00bb50&Prime; shift_x=\u00a0\u00bb-1&Prime; shift_x_fixed=\u00a0\u00bbyes\u00a0\u00bb shift_y=\u00a0\u00bb0&Prime; shift_y_down=\u00a0\u00bb0&Prime; z_index=\u00a0\u00bb0&Prime; medium_width=\u00a0\u00bb0&Prime; mobile_width=\u00a0\u00bb0&Prime; width=\u00a0\u00bb1\/6&Prime;][vc_single_image media=\u00a0\u00bb78950&Prime; media_width_percent=\u00a0\u00bb100&Prime; media_link=\u00a0\u00bburl:https%3A%2F%2Finitialaviation.com%2Fwp-content%2Fuploads%2F2021%2F11%2FTRANSPORT-CANADA-Approval-English.pdf|title:Transport%20Canada|target:_blank\u00a0\u00bb uncode_shortcode_id=\u00a0\u00bb125404&Prime;][\/vc_column][vc_column column_width_percent=\u00a0\u00bb100&Prime; position_horizontal=\u00a0\u00bbright\u00a0\u00bb gutter_size=\u00a0\u00bb3&Prime; overlay_alpha=\u00a0\u00bb50&Prime; shift_x=\u00a0\u00bb0&Prime; shift_y=\u00a0\u00bb0&Prime; shift_y_down=\u00a0\u00bb0&Prime; z_index=\u00a0\u00bb0&Prime; medium_width=\u00a0\u00bb0&Prime; mobile_width=\u00a0\u00bb0&Prime; width=\u00a0\u00bb1\/6&Prime;][vc_single_image media=\u00a0\u00bb78947&Prime; media_width_percent=\u00a0\u00bb100&Prime; media_link=\u00a0\u00bburl:https%3A%2F%2Finitialaviation.com%2Fwp-content%2Fuploads%2F2025%2F03%2FASA-Certificate-11782-23301.pdf|title:ASA%20certification|target:_blank\u00a0\u00bb uncode_shortcode_id=\u00a0\u00bb611245&Prime;][\/vc_column][\/vc_row][vc_row unlock_row_content=\u00a0\u00bbyes\u00a0\u00bb row_height_percent=\u00a0\u00bb2&Prime; override_padding=\u00a0\u00bbyes\u00a0\u00bb h_padding=\u00a0\u00bb0&Prime; top_padding=\u00a0\u00bb1&Prime; bottom_padding=\u00a0\u00bb0&Prime; overlay_alpha=\u00a0\u00bb50&Prime; gutter_size=\u00a0\u00bb0&Prime; column_width_percent=\u00a0\u00bb100&Prime; shift_y=\u00a0\u00bb0&Prime; z_index=\u00a0\u00bb0&Prime; row_height_pixel=\u00a0\u00bb2px\u00a0\u00bb css=\u00a0\u00bb.vc_custom_1527015254454{padding-top: 0px !important;padding-bottom: 0px !important;}\u00a0\u00bb][vc_column column_width_percent=\u00a0\u00bb100&Prime; gutter_size=\u00a0\u00bb3&Prime; overlay_alpha=\u00a0\u00bb50&Prime; shadow=\u00a0\u00bbstd\u00a0\u00bb shadow_darker=\u00a0\u00bbyes\u00a0\u00bb shift_x=\u00a0\u00bb0&Prime; shift_y=\u00a0\u00bb0&Prime; shift_y_down=\u00a0\u00bb0&Prime; z_index=\u00a0\u00bb0&Prime; medium_width=\u00a0\u00bb0&Prime; mobile_width=\u00a0\u00bb0&Prime; width=\u00a0\u00bb1\/1&Prime;][vc_separator sep_color=\u00a0\u00bbcolor-uydo\u00a0\u00bb][\/vc_column][\/vc_row][vc_row row_height_percent=\u00a0\u00bb0&Prime; overlay_alpha=\u00a0\u00bb100&Prime; equal_height=\u00a0\u00bbyes\u00a0\u00bb gutter_size=\u00a0\u00bb3&Prime; column_width_percent=\u00a0\u00bb100&Prime; shift_y=\u00a0\u00bb0&Prime; z_index=\u00a0\u00bb0&Prime; content_parallax=\u00a0\u00bb0&Prime; uncode_shortcode_id=\u00a0\u00bb185992&Prime;][vc_column column_width_percent=\u00a0\u00bb100&Prime; position_horizontal=\u00a0\u00bbleft\u00a0\u00bb gutter_size=\u00a0\u00bb2&Prime; override_padding=\u00a0\u00bbyes\u00a0\u00bb column_padding=\u00a0\u00bb2&Prime; style=\u00a0\u00bblight\u00a0\u00bb font_family=\u00a0\u00bbfont-407291&Prime; back_color=\u00a0\u00bbcolor-xsdn\u00a0\u00bb overlay_alpha=\u00a0\u00bb100&Prime; shadow=\u00a0\u00bbsm\u00a0\u00bb border_color=\u00a0\u00bbaccent\u00a0\u00bb border_style=\u00a0\u00bbsolid\u00a0\u00bb shift_x=\u00a0\u00bb0&Prime; shift_y=\u00a0\u00bb0&Prime; shift_y_down=\u00a0\u00bb0&Prime; z_index=\u00a0\u00bb0&Prime; medium_width=\u00a0\u00bb3&Prime; mobile_width=\u00a0\u00bb0&Prime; css_animation=\u00a0\u00bbalpha-anim\u00a0\u00bb zoom_width=\u00a0\u00bb0&Prime; zoom_height=\u00a0\u00bb0&Prime; width=\u00a0\u00bb1\/3&Prime; css=\u00a0\u00bb.vc_custom_1776365953938{padding-top: 20px !important;padding-bottom: 20px !important;}\u00a0\u00bb uncode_shortcode_id=\u00a0\u00bb135132&Prime; back_color_type=\u00a0\u00bbuncode-palette\u00a0\u00bb border_color_type=\u00a0\u00bbuncode-palette\u00a0\u00bb][vc_single_image media=\u00a0\u00bb79253&Prime; media_width_percent=\u00a0\u00bb94&Prime; alignment=\u00a0\u00bbcenter\u00a0\u00bb uncode_shortcode_id=\u00a0\u00bb280444&Prime;][vc_separator sep_color=\u00a0\u00bbcolor-prif\u00a0\u00bb el_width=\u00a0\u00bb100%\u00a0\u00bb][vc_custom_heading text_color=\u00a0\u00bbcolor-prif\u00a0\u00bb heading_semantic=\u00a0\u00bbp\u00a0\u00bb text_size=\u00a0\u00bbh6&Prime; text_height=\u00a0\u00bb\u00a0\u00bb sub_reduced=\u00a0\u00bbyes\u00a0\u00bb css_animation=\u00a0\u00bbalpha-anim\u00a0\u00bb uncode_shortcode_id=\u00a0\u00bb867829&Prime; text_color_type=\u00a0\u00bbuncode-palette\u00a0\u00bb]<a href=\"https:\/\/maps.app.goo.gl\/LgLeU8jpiV86Yiie9\" target=\"_blank\" rel=\"noopener\">12045, Arthur-Sicard<br \/>\nSuite 100 Mirabel, Qu\u00e9bec Canada J7J 0E9<\/a>[\/vc_custom_heading][vc_custom_heading text_color=\u00a0\u00bbcolor-prif\u00a0\u00bb heading_semantic=\u00a0\u00bbp\u00a0\u00bb text_font=\u00a0\u00bbfont-377884&Prime; text_size=\u00a0\u00bbh6&Prime; text_height=\u00a0\u00bb\u00a0\u00bb sub_reduced=\u00a0\u00bbyes\u00a0\u00bb css_animation=\u00a0\u00bbalpha-anim\u00a0\u00bb uncode_shortcode_id=\u00a0\u00bb512424&Prime; text_color_type=\u00a0\u00bbuncode-palette\u00a0\u00bb]T\u00e9l: <a href=\"tel:450-419-5869\">450-419-5869<\/a><br \/>\nFax: 450-419-3717<br \/>\nAOG: <a href=\"tel:1-844-419-5869\">1-844-419-5869<\/a>[\/vc_custom_heading][vc_custom_heading text_color=\u00a0\u00bbcolor-prif\u00a0\u00bb heading_semantic=\u00a0\u00bbp\u00a0\u00bb text_font=\u00a0\u00bbfont-377884&Prime; text_size=\u00a0\u00bbh6&Prime; text_height=\u00a0\u00bb\u00a0\u00bb sub_reduced=\u00a0\u00bbyes\u00a0\u00bb css_animation=\u00a0\u00bbalpha-anim\u00a0\u00bb]<a href=\"mailto:sales@initialaviation.com\">sales@initialaviation.com<\/a>[\/vc_custom_heading][\/vc_column][vc_column column_width_percent=\u00a0\u00bb100&Prime; position_horizontal=\u00a0\u00bbleft\u00a0\u00bb gutter_size=\u00a0\u00bb0&Prime; override_padding=\u00a0\u00bbyes\u00a0\u00bb column_padding=\u00a0\u00bb2&Prime; style=\u00a0\u00bblight\u00a0\u00bb font_family=\u00a0\u00bbfont-377884&Prime; back_color=\u00a0\u00bbcolor-xsdn\u00a0\u00bb overlay_alpha=\u00a0\u00bb100&Prime; shadow=\u00a0\u00bbsm\u00a0\u00bb border_color=\u00a0\u00bbaccent\u00a0\u00bb shift_x=\u00a0\u00bb0&Prime; shift_x_fixed=\u00a0\u00bbyes\u00a0\u00bb shift_y=\u00a0\u00bb0&Prime; shift_y_down=\u00a0\u00bb0&Prime; z_index=\u00a0\u00bb0&Prime; medium_width=\u00a0\u00bb3&Prime; mobile_width=\u00a0\u00bb0&Prime; zoom_width=\u00a0\u00bb0&Prime; zoom_height=\u00a0\u00bb0&Prime; width=\u00a0\u00bb1\/3&Prime; css=\u00a0\u00bb.vc_custom_1776365964358{padding-top: 20px !important;}\u00a0\u00bb uncode_shortcode_id=\u00a0\u00bb148277&Prime; back_color_type=\u00a0\u00bbuncode-palette\u00a0\u00bb border_color_type=\u00a0\u00bbuncode-palette\u00a0\u00bb][vc_custom_heading text_color=\u00a0\u00bbcolor-prif\u00a0\u00bb heading_semantic=\u00a0\u00bbp\u00a0\u00bb text_font=\u00a0\u00bbfont-407291&Prime; text_weight=\u00a0\u00bb500&Prime; text_height=\u00a0\u00bb\u00a0\u00bb sub_reduced=\u00a0\u00bbyes\u00a0\u00bb css_animation=\u00a0\u00bbalpha-anim\u00a0\u00bb uncode_shortcode_id=\u00a0\u00bb557776&Prime; text_color_type=\u00a0\u00bbuncode-palette\u00a0\u00bb]Nouvelle r\u00e9cente[\/vc_custom_heading][uncode_index el_id=\u00a0\u00bbindex-211362&Prime; isotope_mode=\u00a0\u00bbfitRows\u00a0\u00bb loop=\u00a0\u00bbsize:3|order_by:date|post_type:post\u00a0\u00bb screen_lg=\u00a0\u00bb1000&Prime; screen_md=\u00a0\u00bb600&Prime; screen_sm=\u00a0\u00bb480&Prime; gutter_size=\u00a0\u00bb1&Prime; post_items=\u00a0\u00bbsep-one|full,date,title\u00a0\u00bb footer_back_color=\u00a0\u00bbaccent\u00a0\u00bb single_width=\u00a0\u00bb1&Prime; images_size=\u00a0\u00bbone-one\u00a0\u00bb single_overlay_opacity=\u00a0\u00bb50&Prime; single_padding=\u00a0\u00bb1&Prime; single_text_reduced=\u00a0\u00bbyes\u00a0\u00bb single_title_semantic=\u00a0\u00bbh4&Prime; single_title_family=\u00a0\u00bbfont-377884&Prime; single_title_dimension=\u00a0\u00bb\u00a0\u00bb single_title_weight=\u00a0\u00bb400&Prime; single_title_height=\u00a0\u00bb\u00a0\u00bb lbox_skin=\u00a0\u00bbwhite\u00a0\u00bb items=\u00a0\u00bbeyI3NjYzM19pIjp7InNpbmdsZV90aXRsZV9kaW1lbnNpb24iOiIiLCJzaW5nbGVfdGl0bGVfc2VtYW50aWMiOiJoMyIsInNpbmdsZV90aXRsZV93ZWlnaHQiOiI0MDAifSwiNzY2MzZfaSI6eyJzaW5nbGVfdGl0bGVfd2VpZ2h0IjoiNDAwIiwic2luZ2xlX3dpZHRoIjoiMSIsInNpbmdsZV90aXRsZV9kaW1lbnNpb24iOiIiLCJzaW5nbGVfdGl0bGVfc2VtYW50aWMiOiJoNCJ9LCI3NjYzOF9pIjp7InNpbmdsZV90aXRsZV9kaW1lbnNpb24iOiIifSwiNzcyMjBfaSI6eyJzaW5nbGVfdGl0bGVfZGltZW5zaW9uIjoiIiwic2luZ2xlX3RpdGxlX3NlbWFudGljIjoiaDMifX0=\u00a0\u00bb][\/vc_column][\/vc_row]<\/p>\n<\/div>","protected":false},"excerpt":{"rendered":"<p>[vc_row row_height_percent=\u00a0\u00bb0&Prime; overlay_alpha=\u00a0\u00bb50&Prime; gutter_size=\u00a0\u00bb3&Prime; column_width_percent=\u00a0\u00bb100&Prime; shift_y=\u00a0\u00bb0&Prime; z_index=\u00a0\u00bb0&Prime; content_parallax=\u00a0\u00bb0&Prime; uncode_shortcode_id=\u00a0\u00bb212360&Prime; back_color_type=\u00a0\u00bbuncode-solid\u00a0\u00bb back_color_solid=\u00a0\u00bb#3866af\u00a0\u00bb][vc_column column_width_percent=\u00a0\u00bb100&Prime; position_horizontal=\u00a0\u00bbleft\u00a0\u00bb gutter_size=\u00a0\u00bb3&Prime; overlay_alpha=\u00a0\u00bb50&Prime; shift_x=\u00a0\u00bb0&Prime; shift_y=\u00a0\u00bb0&Prime; shift_y_down=\u00a0\u00bb0&Prime; z_index=\u00a0\u00bb0&Prime; medium_width=\u00a0\u00bb0&Prime; [&hellip;]<\/p>\n","protected":false},"author":1,"featured_media":0,"parent":0,"menu_order":0,"comment_status":"closed","ping_status":"closed","template":"","meta":{"footnotes":""},"class_list":["post-78938","page","type-page","status-publish","hentry"],"yoast_head":"<!-- This site is optimized with the Yoast SEO plugin v27.4 - https:\/\/yoast.com\/product\/yoast-seo-wordpress\/ -->\n<title>Assurance qualit\u00e9 - ISO 9001:2015 | Initial Aviation<\/title>\n<meta name=\"description\" content=\"Certifi\u00e9s ISO 9001:2015, Transports Canada et ASA. Chaque pi\u00e8ce est inspect\u00e9e, document\u00e9e et tra\u00e7able. La qualit\u00e9 est au c\u0153ur de chacune de nos op\u00e9rations\" \/>\n<meta name=\"robots\" content=\"index, follow, max-snippet:-1, max-image-preview:large, max-video-preview:-1\" \/>\n<link rel=\"canonical\" href=\"https:\/\/initialaviation.com\/fr\/assurance-qualite\/\" \/>\n<meta property=\"og:locale\" content=\"fr_FR\" \/>\n<meta property=\"og:type\" content=\"article\" \/>\n<meta property=\"og:title\" content=\"Assurance qualit\u00e9 - ISO 9001:2015 | Initial Aviation\" \/>\n<meta property=\"og:description\" content=\"Certifi\u00e9s ISO 9001:2015, Transports Canada et ASA. Chaque pi\u00e8ce est inspect\u00e9e, document\u00e9e et tra\u00e7able. La qualit\u00e9 est au c\u0153ur de chacune de nos op\u00e9rations\" \/>\n<meta property=\"og:url\" content=\"https:\/\/initialaviation.com\/fr\/assurance-qualite\/\" \/>\n<meta property=\"og:site_name\" content=\"Initial Aviation\" \/>\n<meta property=\"article:publisher\" content=\"https:\/\/www.facebook.com\/Initial-Aviation-624080241031192\/\" \/>\n<meta property=\"article:modified_time\" content=\"2026-04-20T18:57:35+00:00\" \/>\n<meta name=\"twitter:card\" content=\"summary_large_image\" \/>\n<meta name=\"twitter:label1\" content=\"Dur\u00e9e de lecture estim\u00e9e\" \/>\n\t<meta name=\"twitter:data1\" content=\"2 minutes\" \/>\n<script type=\"application\/ld+json\" class=\"yoast-schema-graph\">{\"@context\":\"https:\\\/\\\/schema.org\",\"@graph\":[{\"@type\":\"WebPage\",\"@id\":\"https:\\\/\\\/initialaviation.com\\\/fr\\\/assurance-qualite\\\/\",\"url\":\"https:\\\/\\\/initialaviation.com\\\/fr\\\/assurance-qualite\\\/\",\"name\":\"Assurance qualit\u00e9 - ISO 9001:2015 | Initial Aviation\",\"isPartOf\":{\"@id\":\"https:\\\/\\\/initialaviation.com\\\/fr\\\/#website\"},\"datePublished\":\"2018-03-02T22:23:39+00:00\",\"dateModified\":\"2026-04-20T18:57:35+00:00\",\"description\":\"Certifi\u00e9s ISO 9001:2015, Transports Canada et ASA. Chaque pi\u00e8ce est inspect\u00e9e, document\u00e9e et tra\u00e7able. La qualit\u00e9 est au c\u0153ur de chacune de nos op\u00e9rations\",\"breadcrumb\":{\"@id\":\"https:\\\/\\\/initialaviation.com\\\/fr\\\/assurance-qualite\\\/#breadcrumb\"},\"inLanguage\":\"fr-FR\",\"potentialAction\":[{\"@type\":\"ReadAction\",\"target\":[\"https:\\\/\\\/initialaviation.com\\\/fr\\\/assurance-qualite\\\/\"]}]},{\"@type\":\"BreadcrumbList\",\"@id\":\"https:\\\/\\\/initialaviation.com\\\/fr\\\/assurance-qualite\\\/#breadcrumb\",\"itemListElement\":[{\"@type\":\"ListItem\",\"position\":1,\"name\":\"Home\",\"item\":\"https:\\\/\\\/initialaviation.com\\\/fr\\\/\"},{\"@type\":\"ListItem\",\"position\":2,\"name\":\"ASSURANCE QUALIT\u00c9\"}]},{\"@type\":\"WebSite\",\"@id\":\"https:\\\/\\\/initialaviation.com\\\/fr\\\/#website\",\"url\":\"https:\\\/\\\/initialaviation.com\\\/fr\\\/\",\"name\":\"Initial Aviation\",\"description\":\"InitialIniatial Aviation is a provider of cost effective marketing and sales of aftermarket aviation parts\",\"publisher\":{\"@id\":\"https:\\\/\\\/initialaviation.com\\\/fr\\\/#organization\"},\"potentialAction\":[{\"@type\":\"SearchAction\",\"target\":{\"@type\":\"EntryPoint\",\"urlTemplate\":\"https:\\\/\\\/initialaviation.com\\\/fr\\\/?s={search_term_string}\"},\"query-input\":{\"@type\":\"PropertyValueSpecification\",\"valueRequired\":true,\"valueName\":\"search_term_string\"}}],\"inLanguage\":\"fr-FR\"},{\"@type\":\"Organization\",\"@id\":\"https:\\\/\\\/initialaviation.com\\\/fr\\\/#organization\",\"name\":\"initial aviation\",\"url\":\"https:\\\/\\\/initialaviation.com\\\/fr\\\/\",\"logo\":{\"@type\":\"ImageObject\",\"inLanguage\":\"fr-FR\",\"@id\":\"https:\\\/\\\/initialaviation.com\\\/fr\\\/#\\\/schema\\\/logo\\\/image\\\/\",\"url\":\"https:\\\/\\\/initialaviation.com\\\/wp-content\\\/uploads\\\/2018\\\/01\\\/logoai3.png\",\"contentUrl\":\"https:\\\/\\\/initialaviation.com\\\/wp-content\\\/uploads\\\/2018\\\/01\\\/logoai3.png\",\"width\":1221,\"height\":1288,\"caption\":\"initial aviation\"},\"image\":{\"@id\":\"https:\\\/\\\/initialaviation.com\\\/fr\\\/#\\\/schema\\\/logo\\\/image\\\/\"},\"sameAs\":[\"https:\\\/\\\/www.facebook.com\\\/Initial-Aviation-624080241031192\\\/\",\"https:\\\/\\\/www.linkedin.com\\\/company\\\/initial-aviation\\\/\"]}]}<\/script>\n<!-- \/ Yoast SEO plugin. -->","yoast_head_json":{"title":"Assurance qualit\u00e9 - ISO 9001:2015 | Initial Aviation","description":"Certifi\u00e9s ISO 9001:2015, Transports Canada et ASA. Chaque pi\u00e8ce est inspect\u00e9e, document\u00e9e et tra\u00e7able. La qualit\u00e9 est au c\u0153ur de chacune de nos op\u00e9rations","robots":{"index":"index","follow":"follow","max-snippet":"max-snippet:-1","max-image-preview":"max-image-preview:large","max-video-preview":"max-video-preview:-1"},"canonical":"https:\/\/initialaviation.com\/fr\/assurance-qualite\/","og_locale":"fr_FR","og_type":"article","og_title":"Assurance qualit\u00e9 - ISO 9001:2015 | Initial Aviation","og_description":"Certifi\u00e9s ISO 9001:2015, Transports Canada et ASA. Chaque pi\u00e8ce est inspect\u00e9e, document\u00e9e et tra\u00e7able. La qualit\u00e9 est au c\u0153ur de chacune de nos op\u00e9rations","og_url":"https:\/\/initialaviation.com\/fr\/assurance-qualite\/","og_site_name":"Initial Aviation","article_publisher":"https:\/\/www.facebook.com\/Initial-Aviation-624080241031192\/","article_modified_time":"2026-04-20T18:57:35+00:00","twitter_card":"summary_large_image","twitter_misc":{"Dur\u00e9e de lecture estim\u00e9e":"2 minutes"},"schema":{"@context":"https:\/\/schema.org","@graph":[{"@type":"WebPage","@id":"https:\/\/initialaviation.com\/fr\/assurance-qualite\/","url":"https:\/\/initialaviation.com\/fr\/assurance-qualite\/","name":"Assurance qualit\u00e9 - ISO 9001:2015 | Initial Aviation","isPartOf":{"@id":"https:\/\/initialaviation.com\/fr\/#website"},"datePublished":"2018-03-02T22:23:39+00:00","dateModified":"2026-04-20T18:57:35+00:00","description":"Certifi\u00e9s ISO 9001:2015, Transports Canada et ASA. Chaque pi\u00e8ce est inspect\u00e9e, document\u00e9e et tra\u00e7able. La qualit\u00e9 est au c\u0153ur de chacune de nos op\u00e9rations","breadcrumb":{"@id":"https:\/\/initialaviation.com\/fr\/assurance-qualite\/#breadcrumb"},"inLanguage":"fr-FR","potentialAction":[{"@type":"ReadAction","target":["https:\/\/initialaviation.com\/fr\/assurance-qualite\/"]}]},{"@type":"BreadcrumbList","@id":"https:\/\/initialaviation.com\/fr\/assurance-qualite\/#breadcrumb","itemListElement":[{"@type":"ListItem","position":1,"name":"Home","item":"https:\/\/initialaviation.com\/fr\/"},{"@type":"ListItem","position":2,"name":"ASSURANCE QUALIT\u00c9"}]},{"@type":"WebSite","@id":"https:\/\/initialaviation.com\/fr\/#website","url":"https:\/\/initialaviation.com\/fr\/","name":"Initial Aviation","description":"InitialIniatial Aviation is a provider of cost effective marketing and sales of aftermarket aviation parts","publisher":{"@id":"https:\/\/initialaviation.com\/fr\/#organization"},"potentialAction":[{"@type":"SearchAction","target":{"@type":"EntryPoint","urlTemplate":"https:\/\/initialaviation.com\/fr\/?s={search_term_string}"},"query-input":{"@type":"PropertyValueSpecification","valueRequired":true,"valueName":"search_term_string"}}],"inLanguage":"fr-FR"},{"@type":"Organization","@id":"https:\/\/initialaviation.com\/fr\/#organization","name":"initial aviation","url":"https:\/\/initialaviation.com\/fr\/","logo":{"@type":"ImageObject","inLanguage":"fr-FR","@id":"https:\/\/initialaviation.com\/fr\/#\/schema\/logo\/image\/","url":"https:\/\/initialaviation.com\/wp-content\/uploads\/2018\/01\/logoai3.png","contentUrl":"https:\/\/initialaviation.com\/wp-content\/uploads\/2018\/01\/logoai3.png","width":1221,"height":1288,"caption":"initial aviation"},"image":{"@id":"https:\/\/initialaviation.com\/fr\/#\/schema\/logo\/image\/"},"sameAs":["https:\/\/www.facebook.com\/Initial-Aviation-624080241031192\/","https:\/\/www.linkedin.com\/company\/initial-aviation\/"]}]}},"_links":{"self":[{"href":"https:\/\/initialaviation.com\/fr\/wp-json\/wp\/v2\/pages\/78938","targetHints":{"allow":["GET"]}}],"collection":[{"href":"https:\/\/initialaviation.com\/fr\/wp-json\/wp\/v2\/pages"}],"about":[{"href":"https:\/\/initialaviation.com\/fr\/wp-json\/wp\/v2\/types\/page"}],"author":[{"embeddable":true,"href":"https:\/\/initialaviation.com\/fr\/wp-json\/wp\/v2\/users\/1"}],"replies":[{"embeddable":true,"href":"https:\/\/initialaviation.com\/fr\/wp-json\/wp\/v2\/comments?post=78938"}],"version-history":[{"count":12,"href":"https:\/\/initialaviation.com\/fr\/wp-json\/wp\/v2\/pages\/78938\/revisions"}],"predecessor-version":[{"id":79312,"href":"https:\/\/initialaviation.com\/fr\/wp-json\/wp\/v2\/pages\/78938\/revisions\/79312"}],"wp:attachment":[{"href":"https:\/\/initialaviation.com\/fr\/wp-json\/wp\/v2\/media?parent=78938"}],"curies":[{"name":"wp","href":"https:\/\/api.w.org\/{rel}","templated":true}]}}