{"id":78974,"date":"2018-03-03T11:25:33","date_gmt":"2018-03-03T11:25:33","guid":{"rendered":"https:\/\/initialaviation.com\/contact\/"},"modified":"2026-04-20T18:52:22","modified_gmt":"2026-04-20T18:52:22","slug":"contact","status":"publish","type":"page","link":"https:\/\/initialaviation.com\/fr\/contact\/","title":{"rendered":"CONTACT"},"content":{"rendered":"<div class=\"wpb-content-wrapper\"><p>[vc_row row_height_percent=\u00a0\u00bb0&Prime; overlay_alpha=\u00a0\u00bb50&Prime; gutter_size=\u00a0\u00bb3&Prime; column_width_percent=\u00a0\u00bb100&Prime; shift_y=\u00a0\u00bb0&Prime; z_index=\u00a0\u00bb0&Prime; content_parallax=\u00a0\u00bb0&Prime; uncode_shortcode_id=\u00a0\u00bb643259&Prime; back_color_type=\u00a0\u00bbuncode-solid\u00a0\u00bb back_color_solid=\u00a0\u00bb#3866af\u00a0\u00bb][vc_column column_width_percent=\u00a0\u00bb100&Prime; position_horizontal=\u00a0\u00bbleft\u00a0\u00bb gutter_size=\u00a0\u00bb3&Prime; overlay_alpha=\u00a0\u00bb50&Prime; shift_x=\u00a0\u00bb0&Prime; shift_y=\u00a0\u00bb0&Prime; shift_y_down=\u00a0\u00bb0&Prime; z_index=\u00a0\u00bb0&Prime; medium_width=\u00a0\u00bb0&Prime; mobile_width=\u00a0\u00bb0&Prime; width=\u00a0\u00bb1\/1&Prime;][vc_custom_heading text_color=\u00a0\u00bbcolor-xsdn\u00a0\u00bb text_size=\u00a0\u00bbh3&Prime; text_height=\u00a0\u00bb\u00a0\u00bb uncode_shortcode_id=\u00a0\u00bb984681&Prime; text_color_type=\u00a0\u00bbuncode-palette\u00a0\u00bb]CONTACT[\/vc_custom_heading][\/vc_column][\/vc_row][vc_row unlock_row_content=\u00a0\u00bbyes\u00a0\u00bb row_height_percent=\u00a0\u00bb44&Prime; override_padding=\u00a0\u00bbyes\u00a0\u00bb h_padding=\u00a0\u00bb0&Prime; top_padding=\u00a0\u00bb0&Prime; bottom_padding=\u00a0\u00bb0&Prime; overlay_alpha=\u00a0\u00bb100&Prime; gutter_size=\u00a0\u00bb3&Prime; column_width_percent=\u00a0\u00bb100&Prime; shift_y=\u00a0\u00bb0&Prime; z_index=\u00a0\u00bb0&Prime; desktop_visibility=\u00a0\u00bbyes\u00a0\u00bb medium_visibility=\u00a0\u00bbyes\u00a0\u00bb mobile_visibility=\u00a0\u00bbyes\u00a0\u00bb][vc_column column_width_percent=\u00a0\u00bb100&Prime; position_horizontal=\u00a0\u00bbleft\u00a0\u00bb gutter_size=\u00a0\u00bb3&Prime; expand_height=\u00a0\u00bbyes\u00a0\u00bb overlay_alpha=\u00a0\u00bb100&Prime; shift_x=\u00a0\u00bb0&Prime; shift_y=\u00a0\u00bb0&Prime; medium_width=\u00a0\u00bb0&Prime; zoom_width=\u00a0\u00bb0&Prime; zoom_height=\u00a0\u00bb0&Prime; width=\u00a0\u00bb1\/1&Prime; mobile_height=\u00a0\u00bb250&Prime;][vc_raw_html]JTVCaW50ZXJnZW8lMjBpZCUzRCUyMllETzFnek4lMjIlNUQlNUIlMkZpbnRlcmdlbyU1RA==[\/vc_raw_html][\/vc_column][\/vc_row][vc_row unlock_row_content=\u00a0\u00bbyes\u00a0\u00bb row_height_percent=\u00a0\u00bb60&Prime; override_padding=\u00a0\u00bbyes\u00a0\u00bb h_padding=\u00a0\u00bb0&Prime; top_padding=\u00a0\u00bb0&Prime; bottom_padding=\u00a0\u00bb0&Prime; back_image=\u00a0\u00bb79044&Prime; overlay_alpha=\u00a0\u00bb100&Prime; gutter_size=\u00a0\u00bb3&Prime; column_width_percent=\u00a0\u00bb100&Prime; shift_y=\u00a0\u00bb0&Prime; z_index=\u00a0\u00bb0&Prime; content_parallax=\u00a0\u00bb0&Prime; uncode_shortcode_id=\u00a0\u00bb405118&Prime;][vc_column column_width_percent=\u00a0\u00bb100&Prime; position_horizontal=\u00a0\u00bbleft\u00a0\u00bb gutter_size=\u00a0\u00bb3&Prime; expand_height=\u00a0\u00bbyes\u00a0\u00bb overlay_alpha=\u00a0\u00bb100&Prime; shift_x=\u00a0\u00bb0&Prime; shift_y=\u00a0\u00bb0&Prime; medium_width=\u00a0\u00bb0&Prime; zoom_width=\u00a0\u00bb0&Prime; zoom_height=\u00a0\u00bb0&Prime; width=\u00a0\u00bb1\/1&Prime; mobile_height=\u00a0\u00bb250&Prime;][\/vc_column][\/vc_row][vc_row row_height_percent=\u00a0\u00bb0&Prime; override_padding=\u00a0\u00bbyes\u00a0\u00bb h_padding=\u00a0\u00bb0&Prime; top_padding=\u00a0\u00bb0&Prime; bottom_padding=\u00a0\u00bb0&Prime; overlay_alpha=\u00a0\u00bb100&Prime; equal_height=\u00a0\u00bbyes\u00a0\u00bb gutter_size=\u00a0\u00bb0&Prime; column_width_percent=\u00a0\u00bb100&Prime; shift_y=\u00a0\u00bb0&Prime; z_index=\u00a0\u00bb0&Prime; style=\u00a0\u00bbinherited\u00a0\u00bb][vc_column column_width_percent=\u00a0\u00bb100&Prime; gutter_size=\u00a0\u00bb3&Prime; override_padding=\u00a0\u00bbyes\u00a0\u00bb column_padding=\u00a0\u00bb2&Prime; overlay_alpha=\u00a0\u00bb100&Prime; shift_x=\u00a0\u00bb0&Prime; shift_y=\u00a0\u00bb0&Prime; shift_y_down=\u00a0\u00bb0&Prime; z_index=\u00a0\u00bb0&Prime; medium_width=\u00a0\u00bb0&Prime; mobile_width=\u00a0\u00bb0&Prime; zoom_width=\u00a0\u00bb0&Prime; zoom_height=\u00a0\u00bb0&Prime; width=\u00a0\u00bb2\/3&Prime;][vc_custom_heading heading_semantic=\u00a0\u00bbh3&Prime; text_size=\u00a0\u00bbh3&Prime; text_weight=\u00a0\u00bb700&Prime; text_transform=\u00a0\u00bbuppercase\u00a0\u00bb text_height=\u00a0\u00bb\u00a0\u00bb text_align=\u00a0\u00bbtext-left\u00a0\u00bb uncode_shortcode_id=\u00a0\u00bb855272&Prime;]<strong>Nous joindre<\/strong>[\/vc_custom_heading]\n<div class=\"wpcf7 no-js\" id=\"wpcf7-f76761-o1\" lang=\"en-US\" dir=\"ltr\" data-wpcf7-id=\"76761\">\n<div class=\"screen-reader-response\"><p role=\"status\" aria-live=\"polite\" aria-atomic=\"true\"><\/p> <ul><\/ul><\/div>\n<form action=\"\/fr\/wp-json\/wp\/v2\/pages\/78974#wpcf7-f76761-o1\" method=\"post\" class=\"wpcf7-form init\" aria-label=\"Contact form\" novalidate=\"novalidate\" data-status=\"init\">\n<fieldset class=\"hidden-fields-container\"><input type=\"hidden\" name=\"_wpcf7\" value=\"76761\" \/><input type=\"hidden\" name=\"_wpcf7_version\" value=\"6.1.5\" \/><input type=\"hidden\" name=\"_wpcf7_locale\" value=\"en_US\" \/><input type=\"hidden\" name=\"_wpcf7_unit_tag\" value=\"wpcf7-f76761-o1\" \/><input type=\"hidden\" name=\"_wpcf7_container_post\" value=\"0\" \/><input type=\"hidden\" name=\"_wpcf7_posted_data_hash\" value=\"\" \/><input type=\"hidden\" name=\"_wpcf7_recaptcha_response\" value=\"\" \/>\n<\/fieldset>\n<div class=\"wpcf7-inline-wrapper\">\n\t<p class=\"wpcf7-inline-field\"><span class=\"wpcf7-form-control-wrap\" data-name=\"your-firstname\"><input size=\"40\" maxlength=\"400\" class=\"wpcf7-form-control wpcf7-text wpcf7-validates-as-required\" aria-required=\"true\" aria-invalid=\"false\" placeholder=\"Nom\" value=\"\" type=\"text\" name=\"your-firstname\" \/><\/span>\n\t<\/p>\n\t<p class=\"wpcf7-inline-field\"><span class=\"wpcf7-form-control-wrap\" data-name=\"your-email\"><input size=\"40\" maxlength=\"400\" class=\"wpcf7-form-control wpcf7-email wpcf7-validates-as-required wpcf7-text wpcf7-validates-as-email\" aria-required=\"true\" aria-invalid=\"false\" placeholder=\"Courriel\" value=\"\" type=\"email\" name=\"your-email\" \/><\/span>\n\t<\/p>\n<\/div>\n<p><span class=\"wpcf7-form-control-wrap\" data-name=\"your-message\"><textarea cols=\"40\" rows=\"5\" maxlength=\"2000\" class=\"wpcf7-form-control wpcf7-textarea\" aria-invalid=\"false\" placeholder=\"Votre Message\" name=\"your-message\"><\/textarea><\/span>\n<\/p>\n<p style=\"margin-top:20px!important;\">\n<span class=\"wpcf7-form-control-wrap recaptcha\" data-name=\"recaptcha\"><span data-sitekey=\"6LdhKRkaAAAAAAuf-3EIeR_sb1kbAksxwsJY0EB4\" class=\"wpcf7-form-control wpcf7-recaptcha g-recaptcha\"><\/span>\r\n<noscript>\r\n\t<div class=\"grecaptcha-noscript\">\r\n\t\t<iframe src=\"https:\/\/www.google.com\/recaptcha\/api\/fallback?k=6LdhKRkaAAAAAAuf-3EIeR_sb1kbAksxwsJY0EB4\" frameborder=\"0\" scrolling=\"no\" width=\"310\" height=\"430\">\r\n\t\t<\/iframe>\r\n\t\t<textarea name=\"g-recaptcha-response\" rows=\"3\" cols=\"40\" placeholder=\"reCaptcha Response Here\">\r\n\t\t<\/textarea>\r\n\t<\/div>\r\n<\/noscript>\r\n<\/span>\n<\/p>\n<p><input class=\"wpcf7-form-control wpcf7-submit has-spinner btn\" id=\"couleur\" type=\"submit\" value=\"Envoyez votre Message\" \/>\n<\/p><div class=\"wpcf7-response-output\" aria-hidden=\"true\"><\/div>\n<\/form>\n<\/div>\n[\/vc_column][vc_column column_width_percent=\u00a0\u00bb100&Prime; gutter_size=\u00a0\u00bb3&Prime; override_padding=\u00a0\u00bbyes\u00a0\u00bb column_padding=\u00a0\u00bb2&Prime; expand_height=\u00a0\u00bbyes\u00a0\u00bb overlay_alpha=\u00a0\u00bb50&Prime; shift_x=\u00a0\u00bb0&Prime; shift_y=\u00a0\u00bb0&Prime; shift_y_down=\u00a0\u00bb0&Prime; z_index=\u00a0\u00bb0&Prime; medium_width=\u00a0\u00bb0&Prime; mobile_width=\u00a0\u00bb0&Prime; width=\u00a0\u00bb1\/3&Prime;][vc_custom_heading heading_semantic=\u00a0\u00bbh3&Prime; text_size=\u00a0\u00bbh3&Prime; text_weight=\u00a0\u00bb700&Prime; text_transform=\u00a0\u00bbuppercase\u00a0\u00bb text_height=\u00a0\u00bb\u00a0\u00bb text_align=\u00a0\u00bbtext-left\u00a0\u00bb uncode_shortcode_id=\u00a0\u00bb144079&Prime;]<\/p>\n<h5 class=\"uppercase\">NOS BUREAUX<\/h5>\n<p>[\/vc_custom_heading][vc_column_text uncode_shortcode_id=\u00a0\u00bb201839&Prime;]<strong>Canada:<\/strong><\/p>\n<p><a href=\"https:\/\/maps.app.goo.gl\/LgLeU8jpiV86Yiie9\" target=\"_blank\" rel=\"noopener\">12045, rue Arthur-Sicard, Suite 100<br \/>\nMirabel, Qu\u00e9bec, Canada<br \/>\nJ7J 0E9<\/a><\/p>\n<p>Phone:\u00a0 + <a href=\"tel:450-419-5869\">450-419-5869<\/a><br \/>\nFax: \u00a0 450-419-3717<br \/>\nToll free: \u00a0 <a href=\"tel:1-844-419-5869\">1-844-419-5869<\/a><\/p>\n<p><a href=\"mailto:sales@initialaviation.com\">sales@initialaviation.com<\/a><\/p>\n<p><strong>USA:<\/strong><\/p>\n<p><a href=\"https:\/\/maps.app.goo.gl\/HMmm3aVGjzZZ1yhq9\" target=\"_blank\" rel=\"noopener\">6901 Professional Pky E, Unit 239<br \/>\nSarasota, Florida<br \/>\n34240<\/a><\/p>\n<p>Phone:\u00a0 + <a href=\"tel:19413548344\">941-354-8344<\/a><\/p>\n<p><a href=\"mailto:salesus@initialaviation.com\">salesus@initialaviation.com<\/a>[\/vc_column_text][\/vc_column][\/vc_row]<\/p>\n<\/div>","protected":false},"excerpt":{"rendered":"<p>[vc_row row_height_percent=\u00a0\u00bb0&Prime; overlay_alpha=\u00a0\u00bb50&Prime; gutter_size=\u00a0\u00bb3&Prime; column_width_percent=\u00a0\u00bb100&Prime; shift_y=\u00a0\u00bb0&Prime; z_index=\u00a0\u00bb0&Prime; content_parallax=\u00a0\u00bb0&Prime; uncode_shortcode_id=\u00a0\u00bb643259&Prime; back_color_type=\u00a0\u00bbuncode-solid\u00a0\u00bb back_color_solid=\u00a0\u00bb#3866af\u00a0\u00bb][vc_column column_width_percent=\u00a0\u00bb100&Prime; position_horizontal=\u00a0\u00bbleft\u00a0\u00bb gutter_size=\u00a0\u00bb3&Prime; overlay_alpha=\u00a0\u00bb50&Prime; shift_x=\u00a0\u00bb0&Prime; shift_y=\u00a0\u00bb0&Prime; shift_y_down=\u00a0\u00bb0&Prime; z_index=\u00a0\u00bb0&Prime; medium_width=\u00a0\u00bb0&Prime; [&hellip;]<\/p>\n","protected":false},"author":1,"featured_media":0,"parent":0,"menu_order":0,"comment_status":"closed","ping_status":"closed","template":"","meta":{"footnotes":""},"class_list":["post-78974","page","type-page","status-publish","hentry"],"yoast_head":"<!-- This site is optimized with the Yoast SEO plugin v27.4 - https:\/\/yoast.com\/product\/yoast-seo-wordpress\/ -->\n<title>Contactez-nous | Initial Aviation<\/title>\n<meta name=\"description\" content=\"Rejoignez notre \u00e9quipe \u00e0 Mirabel, Canada ou Sarasota, USA. Pour toute demande de pi\u00e8ces, AOG ou consignation, nous r\u00e9pondons rapidement.\" \/>\n<meta name=\"robots\" content=\"index, follow, max-snippet:-1, max-image-preview:large, max-video-preview:-1\" \/>\n<link rel=\"canonical\" href=\"https:\/\/initialaviation.com\/fr\/contact\/\" \/>\n<meta property=\"og:locale\" content=\"fr_FR\" \/>\n<meta property=\"og:type\" content=\"article\" \/>\n<meta property=\"og:title\" content=\"Contactez-nous | Initial Aviation\" \/>\n<meta property=\"og:description\" content=\"Rejoignez notre \u00e9quipe \u00e0 Mirabel, Canada ou Sarasota, USA. Pour toute demande de pi\u00e8ces, AOG ou consignation, nous r\u00e9pondons rapidement.\" \/>\n<meta property=\"og:url\" content=\"https:\/\/initialaviation.com\/fr\/contact\/\" \/>\n<meta property=\"og:site_name\" content=\"Initial Aviation\" \/>\n<meta property=\"article:publisher\" content=\"https:\/\/www.facebook.com\/Initial-Aviation-624080241031192\/\" \/>\n<meta property=\"article:modified_time\" content=\"2026-04-20T18:52:22+00:00\" \/>\n<meta name=\"twitter:card\" content=\"summary_large_image\" \/>\n<meta name=\"twitter:label1\" content=\"Dur\u00e9e de lecture estim\u00e9e\" \/>\n\t<meta name=\"twitter:data1\" content=\"1 minute\" \/>\n<script type=\"application\/ld+json\" class=\"yoast-schema-graph\">{\"@context\":\"https:\\\/\\\/schema.org\",\"@graph\":[{\"@type\":\"WebPage\",\"@id\":\"https:\\\/\\\/initialaviation.com\\\/fr\\\/contact\\\/\",\"url\":\"https:\\\/\\\/initialaviation.com\\\/fr\\\/contact\\\/\",\"name\":\"Contactez-nous | Initial Aviation\",\"isPartOf\":{\"@id\":\"https:\\\/\\\/initialaviation.com\\\/fr\\\/#website\"},\"datePublished\":\"2018-03-03T11:25:33+00:00\",\"dateModified\":\"2026-04-20T18:52:22+00:00\",\"description\":\"Rejoignez notre \u00e9quipe \u00e0 Mirabel, Canada ou Sarasota, USA. Pour toute demande de pi\u00e8ces, AOG ou consignation, nous r\u00e9pondons rapidement.\",\"breadcrumb\":{\"@id\":\"https:\\\/\\\/initialaviation.com\\\/fr\\\/contact\\\/#breadcrumb\"},\"inLanguage\":\"fr-FR\",\"potentialAction\":[{\"@type\":\"ReadAction\",\"target\":[\"https:\\\/\\\/initialaviation.com\\\/fr\\\/contact\\\/\"]}]},{\"@type\":\"BreadcrumbList\",\"@id\":\"https:\\\/\\\/initialaviation.com\\\/fr\\\/contact\\\/#breadcrumb\",\"itemListElement\":[{\"@type\":\"ListItem\",\"position\":1,\"name\":\"Home\",\"item\":\"https:\\\/\\\/initialaviation.com\\\/fr\\\/\"},{\"@type\":\"ListItem\",\"position\":2,\"name\":\"CONTACT\"}]},{\"@type\":\"WebSite\",\"@id\":\"https:\\\/\\\/initialaviation.com\\\/fr\\\/#website\",\"url\":\"https:\\\/\\\/initialaviation.com\\\/fr\\\/\",\"name\":\"Initial Aviation\",\"description\":\"InitialIniatial Aviation is a provider of cost effective marketing and sales of aftermarket aviation parts\",\"publisher\":{\"@id\":\"https:\\\/\\\/initialaviation.com\\\/fr\\\/#organization\"},\"potentialAction\":[{\"@type\":\"SearchAction\",\"target\":{\"@type\":\"EntryPoint\",\"urlTemplate\":\"https:\\\/\\\/initialaviation.com\\\/fr\\\/?s={search_term_string}\"},\"query-input\":{\"@type\":\"PropertyValueSpecification\",\"valueRequired\":true,\"valueName\":\"search_term_string\"}}],\"inLanguage\":\"fr-FR\"},{\"@type\":\"Organization\",\"@id\":\"https:\\\/\\\/initialaviation.com\\\/fr\\\/#organization\",\"name\":\"initial aviation\",\"url\":\"https:\\\/\\\/initialaviation.com\\\/fr\\\/\",\"logo\":{\"@type\":\"ImageObject\",\"inLanguage\":\"fr-FR\",\"@id\":\"https:\\\/\\\/initialaviation.com\\\/fr\\\/#\\\/schema\\\/logo\\\/image\\\/\",\"url\":\"https:\\\/\\\/initialaviation.com\\\/wp-content\\\/uploads\\\/2018\\\/01\\\/logoai3.png\",\"contentUrl\":\"https:\\\/\\\/initialaviation.com\\\/wp-content\\\/uploads\\\/2018\\\/01\\\/logoai3.png\",\"width\":1221,\"height\":1288,\"caption\":\"initial aviation\"},\"image\":{\"@id\":\"https:\\\/\\\/initialaviation.com\\\/fr\\\/#\\\/schema\\\/logo\\\/image\\\/\"},\"sameAs\":[\"https:\\\/\\\/www.facebook.com\\\/Initial-Aviation-624080241031192\\\/\",\"https:\\\/\\\/www.linkedin.com\\\/company\\\/initial-aviation\\\/\"]}]}<\/script>\n<!-- \/ Yoast SEO plugin. -->","yoast_head_json":{"title":"Contactez-nous | Initial Aviation","description":"Rejoignez notre \u00e9quipe \u00e0 Mirabel, Canada ou Sarasota, USA. Pour toute demande de pi\u00e8ces, AOG ou consignation, nous r\u00e9pondons rapidement.","robots":{"index":"index","follow":"follow","max-snippet":"max-snippet:-1","max-image-preview":"max-image-preview:large","max-video-preview":"max-video-preview:-1"},"canonical":"https:\/\/initialaviation.com\/fr\/contact\/","og_locale":"fr_FR","og_type":"article","og_title":"Contactez-nous | Initial Aviation","og_description":"Rejoignez notre \u00e9quipe \u00e0 Mirabel, Canada ou Sarasota, USA. Pour toute demande de pi\u00e8ces, AOG ou consignation, nous r\u00e9pondons rapidement.","og_url":"https:\/\/initialaviation.com\/fr\/contact\/","og_site_name":"Initial Aviation","article_publisher":"https:\/\/www.facebook.com\/Initial-Aviation-624080241031192\/","article_modified_time":"2026-04-20T18:52:22+00:00","twitter_card":"summary_large_image","twitter_misc":{"Dur\u00e9e de lecture estim\u00e9e":"1 minute"},"schema":{"@context":"https:\/\/schema.org","@graph":[{"@type":"WebPage","@id":"https:\/\/initialaviation.com\/fr\/contact\/","url":"https:\/\/initialaviation.com\/fr\/contact\/","name":"Contactez-nous | Initial Aviation","isPartOf":{"@id":"https:\/\/initialaviation.com\/fr\/#website"},"datePublished":"2018-03-03T11:25:33+00:00","dateModified":"2026-04-20T18:52:22+00:00","description":"Rejoignez notre \u00e9quipe \u00e0 Mirabel, Canada ou Sarasota, USA. Pour toute demande de pi\u00e8ces, AOG ou consignation, nous r\u00e9pondons rapidement.","breadcrumb":{"@id":"https:\/\/initialaviation.com\/fr\/contact\/#breadcrumb"},"inLanguage":"fr-FR","potentialAction":[{"@type":"ReadAction","target":["https:\/\/initialaviation.com\/fr\/contact\/"]}]},{"@type":"BreadcrumbList","@id":"https:\/\/initialaviation.com\/fr\/contact\/#breadcrumb","itemListElement":[{"@type":"ListItem","position":1,"name":"Home","item":"https:\/\/initialaviation.com\/fr\/"},{"@type":"ListItem","position":2,"name":"CONTACT"}]},{"@type":"WebSite","@id":"https:\/\/initialaviation.com\/fr\/#website","url":"https:\/\/initialaviation.com\/fr\/","name":"Initial Aviation","description":"InitialIniatial Aviation is a provider of cost effective marketing and sales of aftermarket aviation parts","publisher":{"@id":"https:\/\/initialaviation.com\/fr\/#organization"},"potentialAction":[{"@type":"SearchAction","target":{"@type":"EntryPoint","urlTemplate":"https:\/\/initialaviation.com\/fr\/?s={search_term_string}"},"query-input":{"@type":"PropertyValueSpecification","valueRequired":true,"valueName":"search_term_string"}}],"inLanguage":"fr-FR"},{"@type":"Organization","@id":"https:\/\/initialaviation.com\/fr\/#organization","name":"initial aviation","url":"https:\/\/initialaviation.com\/fr\/","logo":{"@type":"ImageObject","inLanguage":"fr-FR","@id":"https:\/\/initialaviation.com\/fr\/#\/schema\/logo\/image\/","url":"https:\/\/initialaviation.com\/wp-content\/uploads\/2018\/01\/logoai3.png","contentUrl":"https:\/\/initialaviation.com\/wp-content\/uploads\/2018\/01\/logoai3.png","width":1221,"height":1288,"caption":"initial aviation"},"image":{"@id":"https:\/\/initialaviation.com\/fr\/#\/schema\/logo\/image\/"},"sameAs":["https:\/\/www.facebook.com\/Initial-Aviation-624080241031192\/","https:\/\/www.linkedin.com\/company\/initial-aviation\/"]}]}},"_links":{"self":[{"href":"https:\/\/initialaviation.com\/fr\/wp-json\/wp\/v2\/pages\/78974","targetHints":{"allow":["GET"]}}],"collection":[{"href":"https:\/\/initialaviation.com\/fr\/wp-json\/wp\/v2\/pages"}],"about":[{"href":"https:\/\/initialaviation.com\/fr\/wp-json\/wp\/v2\/types\/page"}],"author":[{"embeddable":true,"href":"https:\/\/initialaviation.com\/fr\/wp-json\/wp\/v2\/users\/1"}],"replies":[{"embeddable":true,"href":"https:\/\/initialaviation.com\/fr\/wp-json\/wp\/v2\/comments?post=78974"}],"version-history":[{"count":7,"href":"https:\/\/initialaviation.com\/fr\/wp-json\/wp\/v2\/pages\/78974\/revisions"}],"predecessor-version":[{"id":79306,"href":"https:\/\/initialaviation.com\/fr\/wp-json\/wp\/v2\/pages\/78974\/revisions\/79306"}],"wp:attachment":[{"href":"https:\/\/initialaviation.com\/fr\/wp-json\/wp\/v2\/media?parent=78974"}],"curies":[{"name":"wp","href":"https:\/\/api.w.org\/{rel}","templated":true}]}}